{"id":569,"date":"2023-08-08T09:37:44","date_gmt":"2023-08-08T09:37:44","guid":{"rendered":"https:\/\/www.demolfrank.be\/entreprise\/"},"modified":"2025-01-03T13:38:21","modified_gmt":"2025-01-03T13:38:21","slug":"entreprise","status":"publish","type":"page","link":"https:\/\/www.breathe-nature.com\/fr\/","title":{"rendered":"Entreprise"},"content":{"rendered":"\t\t<div data-elementor-type=\"wp-page\" data-elementor-id=\"569\" class=\"elementor elementor-569 elementor-14\" data-elementor-post-type=\"page\">\n\t\t\t\t<div class=\"elementor-element elementor-element-f712d8d e-flex e-con-boxed e-con e-parent\" data-id=\"f712d8d\" data-element_type=\"container\" data-settings=\"{&quot;background_background&quot;:&quot;classic&quot;}\">\n\t\t\t\t\t<div class=\"e-con-inner\">\n\t\t<div class=\"elementor-element elementor-element-328e274 e-flex e-con-boxed e-con e-child\" data-id=\"328e274\" data-element_type=\"container\" data-settings=\"{&quot;background_background&quot;:&quot;classic&quot;}\">\n\t\t\t\t\t<div class=\"e-con-inner\">\n\t\t\t\t<div class=\"elementor-element elementor-element-8cda78a elementor-widget elementor-widget-heading\" data-id=\"8cda78a\" data-element_type=\"widget\" data-widget_type=\"heading.default\">\n\t\t\t\t<div class=\"elementor-widget-container\">\n\t\t\t\t\t<h2 class=\"elementor-heading-title elementor-size-default\">VOTRE FOURNISSEUR D\u2019H\u00c9D\u00c9RAS SP\u00c9CIALIS\u00c9!\n<\/h2>\t\t\t\t<\/div>\n\t\t\t\t<\/div>\n\t\t\t\t\t<\/div>\n\t\t\t\t<\/div>\n\t\t\t\t\t<\/div>\n\t\t\t\t<\/div>\n\t\t<div class=\"elementor-element elementor-element-48aebff e-flex e-con-boxed e-con e-parent\" data-id=\"48aebff\" data-element_type=\"container\">\n\t\t\t\t\t<div class=\"e-con-inner\">\n\t\t\t\t<div class=\"elementor-element elementor-element-df53c19 elementor-widget elementor-widget-spacer\" data-id=\"df53c19\" data-element_type=\"widget\" data-widget_type=\"spacer.default\">\n\t\t\t\t<div class=\"elementor-widget-container\">\n\t\t\t\t\t\t\t<div class=\"elementor-spacer\">\n\t\t\t<div class=\"elementor-spacer-inner\"><\/div>\n\t\t<\/div>\n\t\t\t\t\t\t<\/div>\n\t\t\t\t<\/div>\n\t\t\t\t\t<\/div>\n\t\t\t\t<\/div>\n\t\t<div class=\"elementor-element elementor-element-1cbadee e-flex e-con-boxed e-con e-parent\" data-id=\"1cbadee\" data-element_type=\"container\">\n\t\t\t\t\t<div class=\"e-con-inner\">\n\t\t<div class=\"elementor-element elementor-element-5179e92 e-con-full e-flex e-con e-child\" data-id=\"5179e92\" data-element_type=\"container\">\n\t\t\t\t<div class=\"elementor-element elementor-element-a1502a2 elementor-widget elementor-widget-heading\" data-id=\"a1502a2\" data-element_type=\"widget\" data-widget_type=\"heading.default\">\n\t\t\t\t<div class=\"elementor-widget-container\">\n\t\t\t\t\t<h2 class=\"elementor-heading-title elementor-size-default\">Votre fournisseur d\u2019h\u00e9d\u00e9ras sp\u00e9cialis\u00e9!\n<\/h2>\t\t\t\t<\/div>\n\t\t\t\t<\/div>\n\t\t\t\t<div class=\"elementor-element elementor-element-a86efed elementor-widget elementor-widget-text-editor\" data-id=\"a86efed\" data-element_type=\"widget\" data-widget_type=\"text-editor.default\">\n\t\t\t\t<div class=\"elementor-widget-container\">\n\t\t\t\t\t\t\t\t\t<p>Chaque ann\u00e9e, nous cultivons pour vous pr\u00e8s de 2.000.000 h\u00e9d\u00e9ras, sur une surface totale de 11.000 m\u00b2 de serres.  <\/p>\n<p>Les produits secondaires, tels que Ceropegia, Nepenthes, Senecio, Davallia, \u2026 (voir assortiment) sont produits dans des nombres moins importants dans des serres de location et compl\u00e8tent joliment notre assortiment. <\/p>\n<p><strong>Nous sommes votre fournisseur d\u2019h\u00e9d\u00e9ras!<\/strong><\/p>\n\t\t\t\t\t\t\t\t<\/div>\n\t\t\t\t<\/div>\n\t\t\t\t<\/div>\n\t\t<div class=\"elementor-element elementor-element-5ab7e82 e-con-full e-flex e-con e-child\" data-id=\"5ab7e82\" data-element_type=\"container\">\n\t\t\t\t<div class=\"elementor-element elementor-element-673437c elementor-widget elementor-widget-video\" data-id=\"673437c\" data-element_type=\"widget\" data-settings=\"{&quot;youtube_url&quot;:&quot;https:\\\/\\\/youtu.be\\\/q75AInzgQTU?si=dJ2bSWKrTnWfXlj2&quot;,&quot;video_type&quot;:&quot;youtube&quot;}\" data-widget_type=\"video.default\">\n\t\t\t\t<div class=\"elementor-widget-container\">\n\t\t\t\t\t\t\t<div class=\"elementor-wrapper elementor-open-inline\">\n\t\t\t<div class=\"elementor-video\"><\/div>\t\t<\/div>\n\t\t\t\t\t\t<\/div>\n\t\t\t\t<\/div>\n\t\t\t\t<\/div>\n\t\t\t\t\t<\/div>\n\t\t\t\t<\/div>\n\t\t<div class=\"elementor-element elementor-element-97a5341 e-flex e-con-boxed e-con e-parent\" data-id=\"97a5341\" data-element_type=\"container\">\n\t\t\t\t\t<div class=\"e-con-inner\">\n\t\t\t\t<div class=\"elementor-element elementor-element-e8ff1be elementor-widget elementor-widget-spacer\" data-id=\"e8ff1be\" data-element_type=\"widget\" data-widget_type=\"spacer.default\">\n\t\t\t\t<div class=\"elementor-widget-container\">\n\t\t\t\t\t\t\t<div class=\"elementor-spacer\">\n\t\t\t<div class=\"elementor-spacer-inner\"><\/div>\n\t\t<\/div>\n\t\t\t\t\t\t<\/div>\n\t\t\t\t<\/div>\n\t\t\t\t\t<\/div>\n\t\t\t\t<\/div>\n\t\t<div class=\"elementor-element elementor-element-16f335d e-flex e-con-boxed e-con e-parent\" data-id=\"16f335d\" data-element_type=\"container\" data-settings=\"{&quot;background_background&quot;:&quot;classic&quot;}\">\n\t\t\t\t\t<div class=\"e-con-inner\">\n\t\t\t\t<div class=\"elementor-element elementor-element-facd165 elementor-blockquote--skin-quotation elementor-blockquote--align-center elementor-widget elementor-widget-blockquote\" data-id=\"facd165\" data-element_type=\"widget\" data-widget_type=\"blockquote.default\">\n\t\t\t\t<div class=\"elementor-widget-container\">\n\t\t\t\t\t\t\t<blockquote class=\"elementor-blockquote\">\n\t\t\t<p class=\"elementor-blockquote__content\">\n\t\t\t\tCe n'est pas le plus fort de l'esp\u00e8ce qui survit, ni le plus intelligent. C'est celui qui sait le mieux s'adapter au changement.\t\t\t<\/p>\n\t\t\t\t\t\t\t<div class=\"e-q-footer\">\n\t\t\t\t\t\t\t\t\t\t\t<cite class=\"elementor-blockquote__author\">- Charles Darwin -<\/cite>\n\t\t\t\t\t\t\t\t\t\t\t\t\t\t<\/div>\n\t\t\t\t\t<\/blockquote>\n\t\t\t\t\t\t<\/div>\n\t\t\t\t<\/div>\n\t\t\t\t\t<\/div>\n\t\t\t\t<\/div>\n\t\t<div class=\"elementor-element elementor-element-58d8b8b e-flex e-con-boxed e-con e-parent\" data-id=\"58d8b8b\" data-element_type=\"container\">\n\t\t\t\t\t<div class=\"e-con-inner\">\n\t\t<div class=\"elementor-element elementor-element-e545175 e-con-full e-flex e-con e-child\" data-id=\"e545175\" data-element_type=\"container\">\n\t\t\t\t<div class=\"elementor-element elementor-element-9a56724 elementor-widget elementor-widget-video\" data-id=\"9a56724\" data-element_type=\"widget\" data-settings=\"{&quot;youtube_url&quot;:&quot;https:\\\/\\\/www.youtube.com\\\/watch?v=c1y53QwMLfc&quot;,&quot;video_type&quot;:&quot;youtube&quot;,&quot;controls&quot;:&quot;yes&quot;}\" data-widget_type=\"video.default\">\n\t\t\t\t<div class=\"elementor-widget-container\">\n\t\t\t\t\t\t\t<div class=\"elementor-wrapper elementor-open-inline\">\n\t\t\t<div class=\"elementor-video\"><\/div>\t\t<\/div>\n\t\t\t\t\t\t<\/div>\n\t\t\t\t<\/div>\n\t\t\t\t<\/div>\n\t\t<div class=\"elementor-element elementor-element-cf44a56 e-con-full e-flex e-con e-child\" data-id=\"cf44a56\" data-element_type=\"container\">\n\t\t\t\t<div class=\"elementor-element elementor-element-383930d elementor-widget elementor-widget-heading\" data-id=\"383930d\" data-element_type=\"widget\" data-widget_type=\"heading.default\">\n\t\t\t\t<div class=\"elementor-widget-container\">\n\t\t\t\t\t<h2 class=\"elementor-heading-title elementor-size-default\">A propos de nous<\/h2>\t\t\t\t<\/div>\n\t\t\t\t<\/div>\n\t\t\t\t<div class=\"elementor-element elementor-element-f294380 elementor-widget elementor-widget-text-editor\" data-id=\"f294380\" data-element_type=\"widget\" data-widget_type=\"text-editor.default\">\n\t\t\t\t<div class=\"elementor-widget-container\">\n\t\t\t\t\t\t\t\t\t<p>La serre commerciale De Mol &#8211; Verlee a \u00e9t\u00e9 cr\u00e9\u00e9e en 1991. D\u00e9j\u00e0 \u00e0 l&#8217;\u00e9poque, elle \u00e9tait consid\u00e9r\u00e9e comme l&#8217;un des pionniers de la commune fleurie de Lochristi.<\/p><p>Le couple de t\u00eate, Frank De Mol et Els Verlee, est \u00e0 l&#8217;origine de la magnifique culture d&#8217;Hedera helix.<\/p><p>Ils ont commenc\u00e9 avec un peu moins de 3 000 m2 et 2000 m2 ont \u00e9t\u00e9 ajout\u00e9s tous les trois ans. La croissance et l&#8217;innovation dans l&#8217;entreprise sont essentielles.<\/p><p>Frank, le cultivateur des deux, r\u00eavait d&#8217;avoir une serre pleine de verdure depuis l&#8217;\u00e2ge de 9 ans. Il a obtenu son dipl\u00f4me \u00e0 l&#8217;\u00e9cole d&#8217;horticulture de Wetteren, mais il se perfectionne chaque jour. Il a particip\u00e9 \u00e0 un \u00e9change en Floride et y a appris le m\u00e9tier d&#8217;Hedera helix.<\/p><p>Els, la force motrice des ventes, s&#8217;est jointe \u00e0 l&#8217;histoire de son mari. Els sait comment faire avancer les choses, c&#8217;est pourquoi on la voit \u00e0 presque toutes les foires, en Allemagne comme \u00e0 l&#8217;\u00e9tranger. Elle cr\u00e9e une relation id\u00e9ale et honn\u00eate entre le client et le vendeur.<\/p>\t\t\t\t\t\t\t\t<\/div>\n\t\t\t\t<\/div>\n\t\t\t\t<div class=\"elementor-element elementor-element-422e1f1 elementor-widget elementor-widget-text-editor\" data-id=\"422e1f1\" data-element_type=\"widget\" data-widget_type=\"text-editor.default\">\n\t\t\t\t<div class=\"elementor-widget-container\">\n\t\t\t\t\t\t\t\t\t<p>Lorem ipsum dolor sit amet, consectetur adipiscing elit. Ut elit tellus, luctus nec ullamcorper mattis, pulvinar dapibus leo.<\/p>\t\t\t\t\t\t\t\t<\/div>\n\t\t\t\t<\/div>\n\t\t\t\t<\/div>\n\t\t\t\t\t<\/div>\n\t\t\t\t<\/div>\n\t\t\t\t<\/div>\n\t\t","protected":false},"excerpt":{"rendered":"<p>VOTRE FOURNISSEUR D\u2019H\u00c9D\u00c9RAS SP\u00c9CIALIS\u00c9! Votre fournisseur d\u2019h\u00e9d\u00e9ras sp\u00e9cialis\u00e9! Chaque ann\u00e9e, nous cultivons pour vous pr\u00e8s de 2.000.000 h\u00e9d\u00e9ras, sur une surface totale de 11.000 m\u00b2 de serres. Les produits secondaires, tels que Ceropegia, Nepenthes, Senecio, Davallia, \u2026 (voir assortiment) sont produits dans des nombres moins importants dans des serres de location et compl\u00e8tent joliment notre &hellip; <a href=\"https:\/\/www.breathe-nature.com\/fr\/\" class=\"more-link\">Continue reading<span class=\"screen-reader-text\"> &#8220;Entreprise&#8221;<\/span><\/a><\/p>\n","protected":false},"author":1,"featured_media":0,"parent":0,"menu_order":0,"comment_status":"closed","ping_status":"closed","template":"","meta":{"_acf_changed":false,"footnotes":""},"class_list":["post-569","page","type-page","status-publish","hentry"],"acf":[],"yoast_head":"<!-- This site is optimized with the Yoast SEO plugin v26.5 - https:\/\/yoast.com\/wordpress\/plugins\/seo\/ -->\n<title>Entreprise - Breathe Nature<\/title>\n<meta name=\"robots\" content=\"index, follow, max-snippet:-1, max-image-preview:large, max-video-preview:-1\" \/>\n<link rel=\"canonical\" href=\"https:\/\/www.breathe-nature.com\/fr\/\" \/>\n<meta property=\"og:locale\" content=\"fr_FR\" \/>\n<meta property=\"og:type\" content=\"article\" \/>\n<meta property=\"og:title\" content=\"Entreprise - Breathe Nature\" \/>\n<meta property=\"og:description\" content=\"VOTRE FOURNISSEUR D\u2019H\u00c9D\u00c9RAS SP\u00c9CIALIS\u00c9! Votre fournisseur d\u2019h\u00e9d\u00e9ras sp\u00e9cialis\u00e9! Chaque ann\u00e9e, nous cultivons pour vous pr\u00e8s de 2.000.000 h\u00e9d\u00e9ras, sur une surface totale de 11.000 m\u00b2 de serres. Les produits secondaires, tels que Ceropegia, Nepenthes, Senecio, Davallia, \u2026 (voir assortiment) sont produits dans des nombres moins importants dans des serres de location et compl\u00e8tent joliment notre &hellip; Continue reading &quot;Entreprise&quot;\" \/>\n<meta property=\"og:url\" content=\"https:\/\/www.breathe-nature.com\/fr\/\" \/>\n<meta property=\"og:site_name\" content=\"Breathe Nature\" \/>\n<meta property=\"article:modified_time\" content=\"2025-01-03T13:38:21+00:00\" \/>\n<meta name=\"twitter:card\" content=\"summary_large_image\" \/>\n<meta name=\"twitter:label1\" content=\"Est. reading time\" \/>\n\t<meta name=\"twitter:data1\" content=\"2 minutes\" \/>\n<script type=\"application\/ld+json\" class=\"yoast-schema-graph\">{\"@context\":\"https:\/\/schema.org\",\"@graph\":[{\"@type\":\"WebPage\",\"@id\":\"https:\/\/www.breathe-nature.com\/fr\/\",\"url\":\"https:\/\/www.breathe-nature.com\/fr\/\",\"name\":\"Entreprise - Breathe Nature\",\"isPartOf\":{\"@id\":\"https:\/\/www.breathe-nature.com\/fr\/#website\"},\"datePublished\":\"2023-08-08T09:37:44+00:00\",\"dateModified\":\"2025-01-03T13:38:21+00:00\",\"breadcrumb\":{\"@id\":\"https:\/\/www.breathe-nature.com\/fr\/#breadcrumb\"},\"inLanguage\":\"fr-FR\",\"potentialAction\":[{\"@type\":\"ReadAction\",\"target\":[\"https:\/\/www.breathe-nature.com\/fr\/\"]}]},{\"@type\":\"BreadcrumbList\",\"@id\":\"https:\/\/www.breathe-nature.com\/fr\/#breadcrumb\",\"itemListElement\":[{\"@type\":\"ListItem\",\"position\":1,\"name\":\"Home\",\"item\":\"https:\/\/www.breathe-nature.com\/fr\/\"},{\"@type\":\"ListItem\",\"position\":2,\"name\":\"Entreprise\"}]},{\"@type\":\"WebSite\",\"@id\":\"https:\/\/www.breathe-nature.com\/fr\/#website\",\"url\":\"https:\/\/www.breathe-nature.com\/fr\/\",\"name\":\"Breathe Nature\",\"description\":\"\",\"publisher\":{\"@id\":\"https:\/\/www.breathe-nature.com\/fr\/#organization\"},\"potentialAction\":[{\"@type\":\"SearchAction\",\"target\":{\"@type\":\"EntryPoint\",\"urlTemplate\":\"https:\/\/www.breathe-nature.com\/fr\/?s={search_term_string}\"},\"query-input\":{\"@type\":\"PropertyValueSpecification\",\"valueRequired\":true,\"valueName\":\"search_term_string\"}}],\"inLanguage\":\"fr-FR\"},{\"@type\":\"Organization\",\"@id\":\"https:\/\/www.breathe-nature.com\/fr\/#organization\",\"name\":\"Breathe Nature\",\"url\":\"https:\/\/www.breathe-nature.com\/fr\/\",\"logo\":{\"@type\":\"ImageObject\",\"inLanguage\":\"fr-FR\",\"@id\":\"https:\/\/www.breathe-nature.com\/fr\/#\/schema\/logo\/image\/\",\"url\":\"https:\/\/www.breathe-nature.com\/wp-content\/uploads\/2025\/08\/logo.png\",\"contentUrl\":\"https:\/\/www.breathe-nature.com\/wp-content\/uploads\/2025\/08\/logo.png\",\"width\":398,\"height\":116,\"caption\":\"Breathe Nature\"},\"image\":{\"@id\":\"https:\/\/www.breathe-nature.com\/fr\/#\/schema\/logo\/image\/\"}}]}<\/script>\n<!-- \/ Yoast SEO plugin. -->","yoast_head_json":{"title":"Entreprise - Breathe Nature","robots":{"index":"index","follow":"follow","max-snippet":"max-snippet:-1","max-image-preview":"max-image-preview:large","max-video-preview":"max-video-preview:-1"},"canonical":"https:\/\/www.breathe-nature.com\/fr\/","og_locale":"fr_FR","og_type":"article","og_title":"Entreprise - Breathe Nature","og_description":"VOTRE FOURNISSEUR D\u2019H\u00c9D\u00c9RAS SP\u00c9CIALIS\u00c9! Votre fournisseur d\u2019h\u00e9d\u00e9ras sp\u00e9cialis\u00e9! Chaque ann\u00e9e, nous cultivons pour vous pr\u00e8s de 2.000.000 h\u00e9d\u00e9ras, sur une surface totale de 11.000 m\u00b2 de serres. Les produits secondaires, tels que Ceropegia, Nepenthes, Senecio, Davallia, \u2026 (voir assortiment) sont produits dans des nombres moins importants dans des serres de location et compl\u00e8tent joliment notre &hellip; Continue reading \"Entreprise\"","og_url":"https:\/\/www.breathe-nature.com\/fr\/","og_site_name":"Breathe Nature","article_modified_time":"2025-01-03T13:38:21+00:00","twitter_card":"summary_large_image","twitter_misc":{"Est. reading time":"2 minutes"},"schema":{"@context":"https:\/\/schema.org","@graph":[{"@type":"WebPage","@id":"https:\/\/www.breathe-nature.com\/fr\/","url":"https:\/\/www.breathe-nature.com\/fr\/","name":"Entreprise - Breathe Nature","isPartOf":{"@id":"https:\/\/www.breathe-nature.com\/fr\/#website"},"datePublished":"2023-08-08T09:37:44+00:00","dateModified":"2025-01-03T13:38:21+00:00","breadcrumb":{"@id":"https:\/\/www.breathe-nature.com\/fr\/#breadcrumb"},"inLanguage":"fr-FR","potentialAction":[{"@type":"ReadAction","target":["https:\/\/www.breathe-nature.com\/fr\/"]}]},{"@type":"BreadcrumbList","@id":"https:\/\/www.breathe-nature.com\/fr\/#breadcrumb","itemListElement":[{"@type":"ListItem","position":1,"name":"Home","item":"https:\/\/www.breathe-nature.com\/fr\/"},{"@type":"ListItem","position":2,"name":"Entreprise"}]},{"@type":"WebSite","@id":"https:\/\/www.breathe-nature.com\/fr\/#website","url":"https:\/\/www.breathe-nature.com\/fr\/","name":"Breathe Nature","description":"","publisher":{"@id":"https:\/\/www.breathe-nature.com\/fr\/#organization"},"potentialAction":[{"@type":"SearchAction","target":{"@type":"EntryPoint","urlTemplate":"https:\/\/www.breathe-nature.com\/fr\/?s={search_term_string}"},"query-input":{"@type":"PropertyValueSpecification","valueRequired":true,"valueName":"search_term_string"}}],"inLanguage":"fr-FR"},{"@type":"Organization","@id":"https:\/\/www.breathe-nature.com\/fr\/#organization","name":"Breathe Nature","url":"https:\/\/www.breathe-nature.com\/fr\/","logo":{"@type":"ImageObject","inLanguage":"fr-FR","@id":"https:\/\/www.breathe-nature.com\/fr\/#\/schema\/logo\/image\/","url":"https:\/\/www.breathe-nature.com\/wp-content\/uploads\/2025\/08\/logo.png","contentUrl":"https:\/\/www.breathe-nature.com\/wp-content\/uploads\/2025\/08\/logo.png","width":398,"height":116,"caption":"Breathe Nature"},"image":{"@id":"https:\/\/www.breathe-nature.com\/fr\/#\/schema\/logo\/image\/"}}]}},"_links":{"self":[{"href":"https:\/\/www.breathe-nature.com\/fr\/wp-json\/wp\/v2\/pages\/569","targetHints":{"allow":["GET"]}}],"collection":[{"href":"https:\/\/www.breathe-nature.com\/fr\/wp-json\/wp\/v2\/pages"}],"about":[{"href":"https:\/\/www.breathe-nature.com\/fr\/wp-json\/wp\/v2\/types\/page"}],"author":[{"embeddable":true,"href":"https:\/\/www.breathe-nature.com\/fr\/wp-json\/wp\/v2\/users\/1"}],"replies":[{"embeddable":true,"href":"https:\/\/www.breathe-nature.com\/fr\/wp-json\/wp\/v2\/comments?post=569"}],"version-history":[{"count":0,"href":"https:\/\/www.breathe-nature.com\/fr\/wp-json\/wp\/v2\/pages\/569\/revisions"}],"wp:attachment":[{"href":"https:\/\/www.breathe-nature.com\/fr\/wp-json\/wp\/v2\/media?parent=569"}],"curies":[{"name":"wp","href":"https:\/\/api.w.org\/{rel}","templated":true}]}}